{"id":85,"date":"2018-05-02T14:43:17","date_gmt":"2018-05-02T12:43:17","guid":{"rendered":"http:\/\/ferreteriacanoriol.com\/?page_id=85"},"modified":"2025-11-05T12:20:32","modified_gmt":"2025-11-05T11:20:32","slug":"inici","status":"publish","type":"page","link":"http:\/\/ferreteriacanoriol.com\/ca","title":{"rendered":"Inici"},"content":{"rendered":"\n<h3 class=\"wp-block-heading\"><strong>Ferreteria a Rub\u00ed<\/strong>, Ferreteria&nbsp;Ca&nbsp;n&#8217;Oriol \u00e9s una ferreteria de tradici\u00f3 familiar amb mes de 50 anys donant servei als nostres clients.<\/h3>\n\n\n\n<h3 class=\"wp-block-heading\">La nostra ferreteria&nbsp; aquesta associada a &#8220;La Cadena 88&#8221; per a oferir varietat, qualitat i sobretot millor preu.<\/h3>\n\n\n\n<hr class=\"wp-block-separator has-alpha-channel-opacity\"\/>\n\n\n<div class=\"wp-block-image\">\n<figure class=\"aligncenter size-medium\"><img loading=\"lazy\" decoding=\"async\" width=\"300\" height=\"239\" src=\"http:\/\/ferreteriacanoriol.com\/wp-content\/uploads\/2025\/10\/50-aniversari-1-300x239.png\" alt=\"\" class=\"wp-image-441\" srcset=\"http:\/\/ferreteriacanoriol.com\/wp-content\/uploads\/2025\/10\/50-aniversari-1-300x239.png 300w, http:\/\/ferreteriacanoriol.com\/wp-content\/uploads\/2025\/10\/50-aniversari-1.png 656w\" sizes=\"auto, (max-width: 300px) 100vw, 300px\" \/><\/figure><\/div>","protected":false},"excerpt":{"rendered":"<p>Ferreteria a Rub\u00ed, Ferreteria&nbsp;Ca&nbsp;n&#8217;Oriol \u00e9s una ferreteria de tradici\u00f3 familiar amb mes de 50 anys donant servei als nostres clients. La nostra ferreteria&nbsp; aquesta associada a &#8220;La Cadena 88&#8221; per a oferir varietat, qualitat i sobretot millor preu.<\/p>\n","protected":false},"author":1,"featured_media":0,"parent":0,"menu_order":0,"comment_status":"closed","ping_status":"closed","template":"","meta":{"footnotes":""},"class_list":["post-85","page","type-page","status-publish","hentry"],"_links":{"self":[{"href":"http:\/\/ferreteriacanoriol.com\/ca\/wp-json\/wp\/v2\/pages\/85","targetHints":{"allow":["GET"]}}],"collection":[{"href":"http:\/\/ferreteriacanoriol.com\/ca\/wp-json\/wp\/v2\/pages"}],"about":[{"href":"http:\/\/ferreteriacanoriol.com\/ca\/wp-json\/wp\/v2\/types\/page"}],"author":[{"embeddable":true,"href":"http:\/\/ferreteriacanoriol.com\/ca\/wp-json\/wp\/v2\/users\/1"}],"replies":[{"embeddable":true,"href":"http:\/\/ferreteriacanoriol.com\/ca\/wp-json\/wp\/v2\/comments?post=85"}],"version-history":[{"count":10,"href":"http:\/\/ferreteriacanoriol.com\/ca\/wp-json\/wp\/v2\/pages\/85\/revisions"}],"predecessor-version":[{"id":459,"href":"http:\/\/ferreteriacanoriol.com\/ca\/wp-json\/wp\/v2\/pages\/85\/revisions\/459"}],"wp:attachment":[{"href":"http:\/\/ferreteriacanoriol.com\/ca\/wp-json\/wp\/v2\/media?parent=85"}],"curies":[{"name":"wp","href":"https:\/\/api.w.org\/{rel}","templated":true}]}}